{"id":930,"date":"2025-07-07T15:05:34","date_gmt":"2025-07-07T15:05:34","guid":{"rendered":"https:\/\/aied2025.itd.cnr.it\/?page_id=930"},"modified":"2025-07-07T15:05:34","modified_gmt":"2025-07-07T15:05:34","slug":"blue-sky-accepted-papers","status":"publish","type":"page","link":"https:\/\/aied2025.itd.cnr.it\/index.php\/program\/accepted-papers\/blue-sky-accepted-papers\/","title":{"rendered":"Blue Sky &#8211; Accepted Papers"},"content":{"rendered":"\n<h2 class=\"wp-block-heading has-text-align-center\" style=\"margin-top:var(--wp--preset--spacing--70);margin-bottom:var(--wp--preset--spacing--70)\"><strong>Blue Sky &#8211; Accepted Papers<\/strong><\/h2>\n\n\n\n<figure class=\"wp-block-table\"><table><thead><tr><th>Authors<\/th><th>Paper Name<\/th><\/tr><\/thead><tbody><tr><td>Luis Felipe Coimbra Costa, Carlos Eduardo Barbosa, Henrique de Andrade, Yuri Lima, Eduardo Carvalho Nunes, Luciana Maria Azevedo Nascimento, Ana Moura Santos and Geraldo Xexeo<\/td><td>CLJ4AI: Citizen Learning Journey for AI<\/td><\/tr><tr><td>Lea Cohausz<\/td><td>Why the Future of AIED is Causal: Arguments for Creating a Tradition Based on Causal Thinking<\/td><\/tr><tr><td>Kaushal Kumar Maurya and Ekaterina Kochmar<\/td><td>Pedagogy-driven Evaluation of Generative AI-powered Intelligent Tutoring Systems<\/td><\/tr><tr><td>Jakub Swacha, Karolina Muszy\u0144ska, Robertas Damasevicius, Rytis Maskeli\u016bnas, Jose Maria Font Fernandez, Selay Ark\u00fcn Kocadere and Ricardo Queir\u00f3s<\/td><td>AI in Educational Digital Escape Rooms: State of the Art and Perspectives<\/td><\/tr><tr><td>Sarath Sreedharan, Kelsey Sikes, Nathaniel Blanchard, Lisa Mason, Nikhil Krishnaswamy and Jill Zarestky<\/td><td>On the role of domain experts in creating effective tutoring systems<\/td><\/tr><\/tbody><\/table><\/figure>\n","protected":false},"excerpt":{"rendered":"<p>Blue Sky &#8211; Accepted Papers Authors Paper Name Luis Felipe Coimbra Costa, Carlos Eduardo Barbosa, Henrique de Andrade, Yuri Lima, [&hellip;]<\/p>\n","protected":false},"author":2,"featured_media":0,"parent":633,"menu_order":0,"comment_status":"closed","ping_status":"closed","template":"","meta":{"site-sidebar-layout":"default","site-content-layout":"","ast-site-content-layout":"","site-content-style":"default","site-sidebar-style":"default","ast-global-header-display":"","ast-banner-title-visibility":"","ast-main-header-display":"","ast-hfb-above-header-display":"","ast-hfb-below-header-display":"","ast-hfb-mobile-header-display":"","site-post-title":"disabled","ast-breadcrumbs-content":"","ast-featured-img":"","footer-sml-layout":"","theme-transparent-header-meta":"","adv-header-id-meta":"","stick-header-meta":"","header-above-stick-meta":"","header-main-stick-meta":"","header-below-stick-meta":"","astra-migrate-meta-layouts":"default","ast-page-background-enabled":"default","ast-page-background-meta":{"desktop":{"background-color":"var(--ast-global-color-5)","background-image":"","background-repeat":"repeat","background-position":"center center","background-size":"auto","background-attachment":"scroll","background-type":"","background-media":"","overlay-type":"","overlay-color":"","overlay-opacity":"","overlay-gradient":""},"tablet":{"background-color":"","background-image":"","background-repeat":"repeat","background-position":"center center","background-size":"auto","background-attachment":"scroll","background-type":"","background-media":"","overlay-type":"","overlay-color":"","overlay-opacity":"","overlay-gradient":""},"mobile":{"background-color":"","background-image":"","background-repeat":"repeat","background-position":"center center","background-size":"auto","background-attachment":"scroll","background-type":"","background-media":"","overlay-type":"","overlay-color":"","overlay-opacity":"","overlay-gradient":""}},"ast-content-background-meta":{"desktop":{"background-color":"var(--ast-global-color-4)","background-image":"","background-repeat":"repeat","background-position":"center center","background-size":"auto","background-attachment":"scroll","background-type":"","background-media":"","overlay-type":"","overlay-color":"","overlay-opacity":"","overlay-gradient":""},"tablet":{"background-color":"var(--ast-global-color-4)","background-image":"","background-repeat":"repeat","background-position":"center center","background-size":"auto","background-attachment":"scroll","background-type":"","background-media":"","overlay-type":"","overlay-color":"","overlay-opacity":"","overlay-gradient":""},"mobile":{"background-color":"var(--ast-global-color-4)","background-image":"","background-repeat":"repeat","background-position":"center center","background-size":"auto","background-attachment":"scroll","background-type":"","background-media":"","overlay-type":"","overlay-color":"","overlay-opacity":"","overlay-gradient":""}},"footnotes":""},"class_list":["post-930","page","type-page","status-publish","hentry"],"_links":{"self":[{"href":"https:\/\/aied2025.itd.cnr.it\/index.php\/wp-json\/wp\/v2\/pages\/930","targetHints":{"allow":["GET"]}}],"collection":[{"href":"https:\/\/aied2025.itd.cnr.it\/index.php\/wp-json\/wp\/v2\/pages"}],"about":[{"href":"https:\/\/aied2025.itd.cnr.it\/index.php\/wp-json\/wp\/v2\/types\/page"}],"author":[{"embeddable":true,"href":"https:\/\/aied2025.itd.cnr.it\/index.php\/wp-json\/wp\/v2\/users\/2"}],"replies":[{"embeddable":true,"href":"https:\/\/aied2025.itd.cnr.it\/index.php\/wp-json\/wp\/v2\/comments?post=930"}],"version-history":[{"count":1,"href":"https:\/\/aied2025.itd.cnr.it\/index.php\/wp-json\/wp\/v2\/pages\/930\/revisions"}],"predecessor-version":[{"id":931,"href":"https:\/\/aied2025.itd.cnr.it\/index.php\/wp-json\/wp\/v2\/pages\/930\/revisions\/931"}],"up":[{"embeddable":true,"href":"https:\/\/aied2025.itd.cnr.it\/index.php\/wp-json\/wp\/v2\/pages\/633"}],"wp:attachment":[{"href":"https:\/\/aied2025.itd.cnr.it\/index.php\/wp-json\/wp\/v2\/media?parent=930"}],"curies":[{"name":"wp","href":"https:\/\/api.w.org\/{rel}","templated":true}]}}